{"id":7208,"date":"2017-12-08T10:05:25","date_gmt":"2017-12-08T09:05:25","guid":{"rendered":"https:\/\/www.gia.be\/over-ons\/"},"modified":"2019-03-28T11:41:24","modified_gmt":"2019-03-28T10:41:24","slug":"uber-uns","status":"publish","type":"page","link":"https:\/\/www.gia.be\/de\/uber-uns\/","title":{"rendered":"\u00dcber uns"},"content":{"rendered":"<div id=\"cs-content\" class=\"cs-content\"><div id=\"x-section-1\"  class=\"x-section about\"  style=\"margin: 0px;padding: 45px 0px; background-color: transparent;\"   ><div  class=\"x-container flex max width\"  style=\"margin: 0px auto;padding: 0px;\"   ><div  class=\"x-column x-sm cs-ta-left oplossing__content x-2-3\" style=\"padding: 0px;\" ><h1  class=\"h-custom-headline cs-ta-left\" ><span><strong>Effizient.<\/strong> Immer. \u00dcberall.<\/span><\/h1><div  class=\"x-text cs-ta-left\"    ><p>Wir entwickeln, produzieren und vertreiben elektrotechnische L\u00f6sungen f\u00fcr den Nichtwohnungsbau. Dabei steht Effizienz im Mittelpunkt. Denn Effizienz f\u00fchrt zu maximalem Komfort und minimalen Kosten, sowohl bei der Installation als auch w\u00e4hrend der gesamten Lebensdauer Ihrer Anlage.<\/p>\n<\/div><blockquote  class=\"x-blockquote\" >\u201cWir glauben an eine Welt, in der alles effizienter gemacht werden kann.\u201d<\/blockquote><\/div><div  class=\"x-column x-sm oplossing__cta x-1-3\" style=\"padding: 0px;\" ><style type=\"text\/css\">\n    .fancybox-inner {\n        height: 100vh;\n    }\n    .fancybox-content {\n        width: 95% !important;\n        height: 95% !important;\n        max-width: 95vw !important;\n    }\n<\/style>\n\n<div  class=\"x-img hex bg_right\"    >\n    <div class=\"wrapper\">\n        <div class=\"outer\">\n            <a data-fancybox=\"\" type=\"iframe\" href=\"https:\/\/www.youtube.com\/watch?v=XfvNsQz-tKk\" >\n            <div class=\"inner\" style=\"background-image: url(http:\/\/www.gia.be\/wp-content\/uploads\/2017\/12\/over-ons.jpg);\"  >\n            <\/div>\n            <\/a>\n        <\/div>\n    <\/div>\n<\/div>\n<\/div><\/div><\/div><div id=\"x-section-2\"  class=\"x-section section systemen tabs\"  style=\"margin: 0px;padding: 0; background-color: transparent;\"   ><div  class=\"x-container cs-ta-center section__intro max width\"  style=\"margin: 0px auto;padding: 0px;\"   ><div  class=\"x-column x-sm x-1-1\" style=\"padding: 0px;\" ><h2  class=\"h-custom-headline\" ><span>Switch between different types of <strong>efficiency<\/strong><\/span><\/h2><\/div><\/div><div  class=\"x-container cs-ta-center section__intro max width\"  style=\"margin: 0px auto;padding: 0px;\"   ><div  class=\"x-column x-sm x-1-1\" style=\"padding: 0px;\" ><div  class=\"x-raw-content\" >\r\n<ul class=\"tab-nav\">\r\n \t<li class=\"active\"><a class=\"tab-trigger\" href=\"#\" data-tab=\"tab-1\">Ich installiere \u2026<\/a><\/li>\r\n \t<li><a class=\"tab-trigger\" href=\"#\" data-tab=\"tab-2\">Ich w\u00e4hle aus, berate oder verwalte<\/a><\/li>\r\n<\/ul>\r\n<\/div><\/div><\/div><div  class=\"x-container flex center tab tab-1 active visible max width\"  style=\"margin: 0px auto;padding: 0px;\"   ><div  class=\"x-column x-sm x-1-3\" style=\"padding: 0px;\" ><style type=\"text\/css\">\n    .fancybox-inner {\n        height: 100vh;\n    }\n    .fancybox-content {\n        width: 95% !important;\n        height: 95% !important;\n        max-width: 95vw !important;\n    }\n<\/style>\n\n<div  class=\"x-img hex bg_right\"    >\n    <div class=\"wrapper\">\n        <div class=\"outer\">\n            <a data-fancybox=\"\" type=\"iframe\" href=\"https:\/\/www.youtube.com\/watch?v=XfvNsQz-tKk\" >\n            <div class=\"inner\" style=\"background-image: url(http:\/\/www.gia.be\/wp-content\/uploads\/2017\/12\/about.jpg);\"  >\n            <\/div>\n            <\/a>\n        <\/div>\n    <\/div>\n<\/div>\n<\/div><div  class=\"x-column x-sm x-2-3\" style=\"padding: 0px;\" ><h3  class=\"h-custom-headline k1\" ><span>Zeitsparende Installation<br \/>\n<\/span><\/h3><div  class=\"x-text\"    ><p>Wie viel Zeit verbringen Sie mit einer sich wiederholenden Handlung, wie dem Abisolieren eines Kabels? Das kann man viel effizienter machen. Alle unsere L\u00f6sungen stehen im Zeichen von Plug-and-Play. Dank unserer Flexbox\u00ae Verteilerdose reicht ein Bruchteil der Kabel, die Sie bei einer herk\u00f6mmlichen Installation ben\u00f6tigen. Denn wir sind uns nur allzu bewusst, dass es auf der Baustelle vorangehen muss.<\/p>\n<\/div><h3  class=\"h-custom-headline k1\" ><span>Wir machen es nach Ihren W\u00fcnschen<br \/>\n<\/span><\/h3><div  class=\"x-text\"    ><p>Eine weitere gro\u00dfe Zeitersparnis: Wir k\u00f6nnen komplett nach Ma\u00df arbeiten. Von den Kabeln bis hin zu den vorverdrahteten Verteilerdosen. So m\u00fcssen Sie nicht mehr auf der Baustelle r\u00e4tseln und k\u00f6nnen sofort mit der Installation fortfahren. Sie arbeiten schneller, sicherer und besser.<\/p>\n<\/div><h3  class=\"h-custom-headline k1\" ><span>Ben\u00f6tigen Sie eine Beratung?<br \/>\n<\/span><\/h3><div  class=\"x-text\"    ><p>Im Gegensatz zu vielen Anbietern und gr\u00f6beren Marktteilnehmern, die sagen&#8220;<em>Hier ist unser Produkt, Sie finden die Anleitung im Internet und Schluss damit.&#8220; <\/em>legen wir Wert auf eine offene Kommunikation, pers\u00f6nliche Beratung und Unterst\u00fctzung. W\u00e4hrend des gesamten Prozesses steht dies im Vordergrund. Von der Konzeption bis zur \u00dcbergabe.<\/p>\n<\/div><\/div><\/div><div  class=\"x-container flex center tab tab-2 max width\"  style=\"margin: 0px auto;padding: 0px;\"   ><div  class=\"x-column x-sm x-1-3\" style=\"padding: 0px;\" ><style type=\"text\/css\">\n    .fancybox-inner {\n        height: 100vh;\n    }\n    .fancybox-content {\n        width: 95% !important;\n        height: 95% !important;\n        max-width: 95vw !important;\n    }\n<\/style>\n\n<div  class=\"x-img hex bg_right\"    >\n    <div class=\"wrapper\">\n        <div class=\"outer\">\n            <a data-fancybox=\"\" type=\"iframe\" href=\"https:\/\/www.youtube.com\/watch?v=XfvNsQz-tKk\" >\n            <div class=\"inner\" style=\"background-image: url(http:\/\/www.gia.be\/wp-content\/uploads\/2017\/12\/about_2.jpg);\"  >\n            <\/div>\n            <\/a>\n        <\/div>\n    <\/div>\n<\/div>\n<\/div><div  class=\"x-column x-sm x-2-3\" style=\"padding: 0px;\" ><h3  class=\"h-custom-headline k1\" ><span>Intelligentere Produkte, intelligentere Installation \u2026<br \/>\n<\/span><\/h3><div  class=\"x-text\"    ><p>Dank unserer Produkte und unserer Betreuung k\u00f6nnen Elektroinstallateure schneller und effizienter arbeiten. Und schneller bedeutet nat\u00fcrlich auch k\u00fcrzere Durchlaufzeiten. Eine gr\u00f6\u00dfere Chance, dass der Termin eingehalten wird.<\/p>\n<p>Effizienter bedeutet weniger manuelle T\u00e4tigkeiten. Dank unserer \u201ePlug and Play\u201c-L\u00f6sungen wird das Risiko m\u00f6glicher Fehler reduziert. Unsere intelligenten und steckbaren Systeme machen die Wartung \u00fcbersichtlicher und einfacher. Was zu einem besseren und sichereren Endergebnis f\u00fchrt. Und zu einer zukunftssicheren Installation.<\/p>\n<\/div><h3  class=\"h-custom-headline k1\" ><span>H\u00f6herer Komfort, weniger Energiekosten<br \/>\n<\/span><\/h3><div  class=\"x-text\"    ><p> Das Endergebnis ist eine ma\u00dfgeschneiderte Geb\u00e4udeautomation. Vom automatisierten Sonnenschutz bis zur Zugangskontrolle. Von einer verfeinerten Abreglung der Klimaanlage bis zur Beleuchtungssteuerung. Die Kombination verschiedener Techniken f\u00fchrt zu Einsparungen bei der Verkabelung. Aber auch zu mehr Komfort und geringeren Wartungskosten f\u00fcr den Endgebrauer.<\/p>\n<\/div><\/div><\/div><\/div><div id=\"x-section-3\"  class=\"x-section\"  style=\"margin: 0px;padding: 0px; background-color: transparent;\"   ><div  class=\"x-container\"  style=\"margin: 0px auto;padding: 0px;\"   ><div  class=\"x-column x-sm x-1-1\" style=\"padding: 0px;\" ><div  class=\"x-text nop\"    ><p><div id=\"cs-content\" class=\"cs-content\"><div id=\"x-section-5\"  class=\"x-section cta overlay bg-image\"  style=\"margin: 0px;padding: 100px 0px; background-image: url(http:\/\/www.gia.be\/wp-content\/uploads\/2018\/02\/banner_cta.jpg); background-color: transparent;\"   data-x-element=\"section\" data-x-params=\"{&quot;type&quot;:&quot;image&quot;,&quot;parallax&quot;:false}\"><div  class=\"x-container max width\"  style=\"margin: 0px auto;padding: 0px;\"   ><div  class=\"x-column x-sm cs-ta-center x-1-1\" style=\"padding: 0px;\" ><h3  class=\"h-custom-headline cs-ta-center k3\" ><span>M\u00f6chten Sie auch unsere <strong>Service<\/strong> in Anspruch nehmen?<\/span><\/h3><h4  class=\"h-custom-headline\" style=\"margin:15px 0 10px; font-size:16px; color:#ffffff;\"><span>Allgemeine Informationen:<\/span><\/h4>\n<a  class=\"x-btn x-btn-transparent k2\"   href=\"tel:+3289461391\"   >\n    <span>\n        +32 89 46 13 91    <\/span>\n<\/a>\n\n\n<a  class=\"x-btn x-btn-transparent k2\"   href=\"mailto:info@giasystems.com\"   >\n    <span>\n        info@giasystems.com    <\/span>\n<\/a>\n\n<h4  class=\"h-custom-headline\" style=\"margin:20px 0 10px; font-size:16px; color:#ffffff;\"><span>Technische Unterst\u00fctzung:<\/span><\/h4>\n<a  class=\"x-btn x-btn-transparent k2\"   href=\"tel:+3289461064\"   >\n    <span>\n        +32 89 46 10 64    <\/span>\n<\/a>\n\n\n<a  class=\"x-btn x-btn-transparent k2\"   href=\"mailto:service@giasystems.com\"   >\n    <span>\n        service@giasystems.com    <\/span>\n<\/a>\n\n<\/div><\/div><\/div><\/div><\/p>\n<\/div><\/div><\/div><\/div><div id=\"x-section-4\"  class=\"x-section cs-ta-center section refs\"  style=\"margin: 0px;padding: 0; background-color: transparent;\"   ><div  class=\"x-container section__intro max width\"  style=\"margin: 0px auto;padding: 0px;\"   ><div  class=\"x-column x-sm x-1-1\" style=\"padding: 0px;\" ><h2  class=\"h-custom-headline\" ><span>Auch hier waren wir <strong>effizient<\/strong><\/span><\/h2><\/div><\/div><div  class=\"x-container max width\"  style=\"margin: 0px auto;padding: 0px;\"   ><div  class=\"x-column x-sm x-1-1\" style=\"padding: 0px;\" ><div  class=\"x-text nop\"    ><p><div class=\"pt-cv-wrapper\"><div class=\"pt-cv-view pt-cv-grid pt-cv-colsys pt-cv-pginfinite pt-cv-left\" id=\"pt-cv-view-a77eabe3pz\"><div data-id=\"pt-cv-page-1\" class=\"pt-cv-page\" data-cvc=\"4\"><div class=\"col-md-3 col-sm-6 col-xs-6 pt-cv-content-item pt-cv-1-col\"  data-pid=\"9490\"><div class='pt-cv-ifield'>\n\t\n\t<a href=\"https:\/\/www.gia.be\/de\/referentie\/transport-gebaeude-von-martinair-transavia\/\">\n\t\t<div class=\"hex\">\n\t\t\t<div class=\"wrapper\">\n\t\t\t\t<div class=\"outer\">\n\t\t\t\t\t<div class=\"inner\" style=\"background-image: url('https:\/\/www.gia.be\/wp-content\/uploads\/2019\/05\/Martinair-Transavia_offices_Schiphol-Oost2.jpg');\"><\/div>\n\t\t\t\t<\/div>\n\t\t\t<\/div>\n\t\t\t<div class=\"content\">\n\t\t\t\t<h5><span>TransPort Geb\u00e4ude von Martinair &amp; Transavia<\/span><\/h5>\n\t\t\t\t<div class=\"meta\"><i class=\"fa fa-map-marker\" aria-hidden=\"true\"><\/i> Piet Guilonardweg 17, 1117 EE Schiphol<\/div>\n\t\t\t<\/div>\n\t\t<\/div>\n\t<\/a>\n\n\t\n\t<\/div><\/div>\n<div class=\"col-md-3 col-sm-6 col-xs-6 pt-cv-content-item pt-cv-1-col\"  data-pid=\"9466\"><div class='pt-cv-ifield'>\n\t\n\t<a href=\"https:\/\/www.gia.be\/de\/referentie\/bdo-services-g-label\/\">\n\t\t<div class=\"hex\">\n\t\t\t<div class=\"wrapper\">\n\t\t\t\t<div class=\"outer\">\n\t\t\t\t\t<div class=\"inner\" style=\"background-image: url('https:\/\/www.gia.be\/wp-content\/uploads\/2019\/02\/BDO.jpg');\"><\/div>\n\t\t\t\t<\/div>\n\t\t\t<\/div>\n\t\t\t<div class=\"content\">\n\t\t\t\t<h5><span>BDO-Services &amp; G-Label<\/span><\/h5>\n\t\t\t\t<div class=\"meta\"><i class=\"fa fa-map-marker\" aria-hidden=\"true\"><\/i> Brusselsesteenweg 92, 9090 Melle<\/div>\n\t\t\t<\/div>\n\t\t<\/div>\n\t<\/a>\n\n\t\n\t<\/div><\/div>\n<div class=\"col-md-3 col-sm-6 col-xs-6 pt-cv-content-item pt-cv-1-col\"  data-pid=\"9156\"><div class='pt-cv-ifield'>\n\t\n\t<a href=\"https:\/\/www.gia.be\/de\/referentie\/postnl-2018\/\">\n\t\t<div class=\"hex\">\n\t\t\t<div class=\"wrapper\">\n\t\t\t\t<div class=\"outer\">\n\t\t\t\t\t<div class=\"inner\" style=\"background-image: url('https:\/\/www.gia.be\/wp-content\/uploads\/2019\/03\/PostNL-Nieuwegein.jpg');\"><\/div>\n\t\t\t\t<\/div>\n\t\t\t<\/div>\n\t\t\t<div class=\"content\">\n\t\t\t\t<h5><span>PostNL 2018<\/span><\/h5>\n\t\t\t\t<div class=\"meta\"><i class=\"fa fa-map-marker\" aria-hidden=\"true\"><\/i> Nederland<\/div>\n\t\t\t<\/div>\n\t\t<\/div>\n\t<\/a>\n\n\t\n\t<\/div><\/div>\n<div class=\"col-md-3 col-sm-6 col-xs-6 pt-cv-content-item pt-cv-1-col\"  data-pid=\"9158\"><div class='pt-cv-ifield'>\n\t\n\t<a href=\"https:\/\/www.gia.be\/de\/referentie\/orion-college-amstel\/\">\n\t\t<div class=\"hex\">\n\t\t\t<div class=\"wrapper\">\n\t\t\t\t<div class=\"outer\">\n\t\t\t\t\t<div class=\"inner\" style=\"background-image: url('https:\/\/www.gia.be\/wp-content\/uploads\/2019\/02\/006-20190524-OC-Amstel_klein.jpg');\"><\/div>\n\t\t\t\t<\/div>\n\t\t\t<\/div>\n\t\t\t<div class=\"content\">\n\t\t\t\t<h5><span>Orion College Amstel<\/span><\/h5>\n\t\t\t\t<div class=\"meta\"><i class=\"fa fa-map-marker\" aria-hidden=\"true\"><\/i> Wibautstraat 220, 1097 DN Amsterdam<\/div>\n\t\t\t<\/div>\n\t\t<\/div>\n\t<\/a>\n\n\t\n\t<\/div><\/div><\/div><\/div><\/div>\t\t\t<style type=\"text\/css\" id=\"pt-cv-inline-style-fb3c350oh2\">#pt-cv-view-a77eabe3pz .pt-cv-content-item { padding-right: 20px !important; padding-bottom: 40px !important; padding-left: 20px !important; }\n#pt-cv-view-a77eabe3pz  { margin-right: -20px !important; margin-left: -20px !important; }\n#pt-cv-view-a77eabe3pz .pt-cv-readmore  { color: #ffffff !important; background-color: #00aeef !important; }\n#pt-cv-view-a77eabe3pz .pt-cv-readmore:hover  { color: #ffffff !important; background-color: #00aeef !important; }\n#pt-cv-view-a77eabe3pz { text-align: left; }<\/style>\r\n\t\t\t<\/p>\n<\/div>\n<a  class=\"x-btn x-btn-transparent k1\"   href=\"http:\/\/www.gia.be\/de\/referenzen\/\"   >\n    <span>\n        Mehr zeigen    <\/span>\n<\/a>\n\n<\/div><\/div><\/div><\/div>\n","protected":false},"excerpt":{"rendered":"","protected":false},"author":2,"featured_media":0,"parent":0,"menu_order":4,"comment_status":"closed","ping_status":"closed","template":"-templates\/volledige-navigatie.php","meta":{"_acf_changed":false,"footnotes":""},"class_list":["post-7208","page","type-page","status-publish","hentry"],"acf":[],"yoast_head":"<!-- This site is optimized with the Yoast SEO plugin v27.3 - https:\/\/yoast.com\/product\/yoast-seo-wordpress\/ -->\n<title>\u00dcber uns - Effizient. Immer. \u00dcberall. - GIA<\/title>\n<meta name=\"description\" content=\"Wir entwickeln, produzieren und vertreiben elektrotechnische L\u00f6sungen f\u00fcr den Nichtwohnungsbau. Dabei steht Effizienz im Mittelpunkt.\" \/>\n<meta name=\"robots\" content=\"index, follow, max-snippet:-1, max-image-preview:large, max-video-preview:-1\" \/>\n<link rel=\"canonical\" href=\"https:\/\/www.gia.be\/de\/uber-uns\/\" \/>\n<meta property=\"og:locale\" content=\"de_DE\" \/>\n<meta property=\"og:type\" content=\"article\" \/>\n<meta property=\"og:title\" content=\"\u00dcber uns - Effizient. Immer. \u00dcberall. - GIA\" \/>\n<meta property=\"og:description\" content=\"Wir entwickeln, produzieren und vertreiben elektrotechnische L\u00f6sungen f\u00fcr den Nichtwohnungsbau. Dabei steht Effizienz im Mittelpunkt.\" \/>\n<meta property=\"og:url\" content=\"https:\/\/www.gia.be\/de\/uber-uns\/\" \/>\n<meta property=\"og:site_name\" content=\"GIA\" \/>\n<meta property=\"article:modified_time\" content=\"2019-03-28T10:41:24+00:00\" \/>\n<meta name=\"twitter:card\" content=\"summary_large_image\" \/>\n<meta name=\"twitter:label1\" content=\"Gesch\u00e4tzte Lesezeit\" \/>\n\t<meta name=\"twitter:data1\" content=\"5\u00a0Minuten\" \/>\n<script type=\"application\/ld+json\" class=\"yoast-schema-graph\">{\"@context\":\"https:\\\/\\\/schema.org\",\"@graph\":[{\"@type\":\"WebPage\",\"@id\":\"https:\\\/\\\/www.gia.be\\\/de\\\/uber-uns\\\/\",\"url\":\"https:\\\/\\\/www.gia.be\\\/de\\\/uber-uns\\\/\",\"name\":\"\u00dcber uns - Effizient. Immer. \u00dcberall. - GIA\",\"isPartOf\":{\"@id\":\"https:\\\/\\\/www.gia.be\\\/#website\"},\"datePublished\":\"2017-12-08T09:05:25+00:00\",\"dateModified\":\"2019-03-28T10:41:24+00:00\",\"description\":\"Wir entwickeln, produzieren und vertreiben elektrotechnische L\u00f6sungen f\u00fcr den Nichtwohnungsbau. Dabei steht Effizienz im Mittelpunkt.\",\"breadcrumb\":{\"@id\":\"https:\\\/\\\/www.gia.be\\\/de\\\/uber-uns\\\/#breadcrumb\"},\"inLanguage\":\"de\",\"potentialAction\":[{\"@type\":\"ReadAction\",\"target\":[\"https:\\\/\\\/www.gia.be\\\/de\\\/uber-uns\\\/\"]}]},{\"@type\":\"BreadcrumbList\",\"@id\":\"https:\\\/\\\/www.gia.be\\\/de\\\/uber-uns\\\/#breadcrumb\",\"itemListElement\":[{\"@type\":\"ListItem\",\"position\":1,\"name\":\"Home\",\"item\":\"https:\\\/\\\/www.gia.be\\\/de\\\/\"},{\"@type\":\"ListItem\",\"position\":2,\"name\":\"\u00dcber uns\"}]},{\"@type\":\"WebSite\",\"@id\":\"https:\\\/\\\/www.gia.be\\\/#website\",\"url\":\"https:\\\/\\\/www.gia.be\\\/\",\"name\":\"GIA\",\"description\":\"\",\"potentialAction\":[{\"@type\":\"SearchAction\",\"target\":{\"@type\":\"EntryPoint\",\"urlTemplate\":\"https:\\\/\\\/www.gia.be\\\/?s={search_term_string}\"},\"query-input\":{\"@type\":\"PropertyValueSpecification\",\"valueRequired\":true,\"valueName\":\"search_term_string\"}}],\"inLanguage\":\"de\"}]}<\/script>\n<!-- \/ Yoast SEO plugin. -->","yoast_head_json":{"title":"\u00dcber uns - Effizient. Immer. \u00dcberall. - GIA","description":"Wir entwickeln, produzieren und vertreiben elektrotechnische L\u00f6sungen f\u00fcr den Nichtwohnungsbau. Dabei steht Effizienz im Mittelpunkt.","robots":{"index":"index","follow":"follow","max-snippet":"max-snippet:-1","max-image-preview":"max-image-preview:large","max-video-preview":"max-video-preview:-1"},"canonical":"https:\/\/www.gia.be\/de\/uber-uns\/","og_locale":"de_DE","og_type":"article","og_title":"\u00dcber uns - Effizient. Immer. \u00dcberall. - GIA","og_description":"Wir entwickeln, produzieren und vertreiben elektrotechnische L\u00f6sungen f\u00fcr den Nichtwohnungsbau. Dabei steht Effizienz im Mittelpunkt.","og_url":"https:\/\/www.gia.be\/de\/uber-uns\/","og_site_name":"GIA","article_modified_time":"2019-03-28T10:41:24+00:00","twitter_card":"summary_large_image","twitter_misc":{"Gesch\u00e4tzte Lesezeit":"5\u00a0Minuten"},"schema":{"@context":"https:\/\/schema.org","@graph":[{"@type":"WebPage","@id":"https:\/\/www.gia.be\/de\/uber-uns\/","url":"https:\/\/www.gia.be\/de\/uber-uns\/","name":"\u00dcber uns - Effizient. Immer. \u00dcberall. - GIA","isPartOf":{"@id":"https:\/\/www.gia.be\/#website"},"datePublished":"2017-12-08T09:05:25+00:00","dateModified":"2019-03-28T10:41:24+00:00","description":"Wir entwickeln, produzieren und vertreiben elektrotechnische L\u00f6sungen f\u00fcr den Nichtwohnungsbau. Dabei steht Effizienz im Mittelpunkt.","breadcrumb":{"@id":"https:\/\/www.gia.be\/de\/uber-uns\/#breadcrumb"},"inLanguage":"de","potentialAction":[{"@type":"ReadAction","target":["https:\/\/www.gia.be\/de\/uber-uns\/"]}]},{"@type":"BreadcrumbList","@id":"https:\/\/www.gia.be\/de\/uber-uns\/#breadcrumb","itemListElement":[{"@type":"ListItem","position":1,"name":"Home","item":"https:\/\/www.gia.be\/de\/"},{"@type":"ListItem","position":2,"name":"\u00dcber uns"}]},{"@type":"WebSite","@id":"https:\/\/www.gia.be\/#website","url":"https:\/\/www.gia.be\/","name":"GIA","description":"","potentialAction":[{"@type":"SearchAction","target":{"@type":"EntryPoint","urlTemplate":"https:\/\/www.gia.be\/?s={search_term_string}"},"query-input":{"@type":"PropertyValueSpecification","valueRequired":true,"valueName":"search_term_string"}}],"inLanguage":"de"}]}},"_links":{"self":[{"href":"https:\/\/www.gia.be\/de\/wp-json\/wp\/v2\/pages\/7208","targetHints":{"allow":["GET"]}}],"collection":[{"href":"https:\/\/www.gia.be\/de\/wp-json\/wp\/v2\/pages"}],"about":[{"href":"https:\/\/www.gia.be\/de\/wp-json\/wp\/v2\/types\/page"}],"author":[{"embeddable":true,"href":"https:\/\/www.gia.be\/de\/wp-json\/wp\/v2\/users\/2"}],"replies":[{"embeddable":true,"href":"https:\/\/www.gia.be\/de\/wp-json\/wp\/v2\/comments?post=7208"}],"version-history":[{"count":5,"href":"https:\/\/www.gia.be\/de\/wp-json\/wp\/v2\/pages\/7208\/revisions"}],"predecessor-version":[{"id":9409,"href":"https:\/\/www.gia.be\/de\/wp-json\/wp\/v2\/pages\/7208\/revisions\/9409"}],"wp:attachment":[{"href":"https:\/\/www.gia.be\/de\/wp-json\/wp\/v2\/media?parent=7208"}],"curies":[{"name":"wp","href":"https:\/\/api.w.org\/{rel}","templated":true}]}}